{"id":677,"date":"2023-11-02T09:46:37","date_gmt":"2023-11-02T13:46:37","guid":{"rendered":"https:\/\/jhs.swlauriersb.qc.ca\/staff\/"},"modified":"2026-01-14T08:59:25","modified_gmt":"2026-01-14T13:59:25","slug":"personnel","status":"publish","type":"page","link":"https:\/\/jhs.swlauriersb.qc.ca\/fr\/personnel\/","title":{"rendered":"Personnel"},"content":{"rendered":"\n<div class=\"wp-block-buttons is-layout-flex wp-block-buttons-is-layout-flex\"><\/div>\n\n\n\n<figure class=\"wp-block-table\"><table><thead><tr><th>Titre du poste<\/th><th>Nom<\/th><\/tr><\/thead><tbody><tr><td>Directeur<\/td><td>S\u00e9bastien Neveu<\/td><\/tr><tr><td>Adjointe \/ Enseignant<\/td><td>Dominique Charron<\/td><\/tr><tr><td>Secr\u00e9taire d&#8217;\u00e9cole<\/td><td>Colleen Copping<\/td><\/tr><tr><td>Secr\u00e9taire<\/td><td>Alice Gosselin<\/td><\/tr><tr><td>Technicienne en organisation scolaire<\/td><td>Melanie Scott<\/td><\/tr><tr><td>Surveillante d&#8217;\u00e9l\u00e8ves<\/td><td>Joan McLaren<\/td><\/tr><tr><td>Conseiller d&#8217;orientation<\/td><td>Jessica Serio<\/td><\/tr><tr><td>Agente des services sociaux<\/td><td>Valentina Solkin<\/td><\/tr><tr><td>Conseill\u00e8re des \u00e9tudiants<\/td><td>St\u00e9phane N\u00e9ron<\/td><\/tr><tr><td>Technicienne en \u00e9ducation sp\u00e9cialis\u00e9e<\/td><td>Jennifer Burgess<\/td><\/tr><tr><td>Technicienne en \u00e9ducation sp\u00e9cialis\u00e9e<\/td><td>Marie-Jos\u00e9e D\u00e9sy<\/td><\/tr><tr><td>Technicienne en \u00e9ducation sp\u00e9cialis\u00e9e<\/td><td>Valerie Oliver<\/td><\/tr><tr><td>Technicienne en \u00e9ducation sp\u00e9cialis\u00e9e<\/td><td>Megan Stanton<\/td><\/tr><tr><td>Pr\u00e9pos\u00e9e\/Surveillante d&#8217;\u00e9l\u00e8ves<\/td><td>Julie Picard<\/td><\/tr><tr><td>Enseignant &#8211; PFAE<\/td><td>Driss Ameziane<\/td><\/tr><tr><td>Enseignant &#8211; PFAE<\/td><td>Claudia Gasparrini<\/td><\/tr><tr><td>Enseignant  &#8211; PFAE<\/td><td>\u00c9ric Messier<\/td><\/tr><tr><td>Enseignante &#8211; Parcours Diversifi\u00e9<\/td><td>Vikki Rougeau Forgues<\/td><\/tr><tr><td>Enseignante <\/td><td>Darquise Lafortune<\/td><\/tr><tr><td>Enseignante <\/td><td>Meredith Lowry<\/td><\/tr><tr><td>Enseignante <\/td><td>Lea Beddia<\/td><\/tr><tr><td>Enseignant<\/td><td>Gabriel Balassone<\/td><\/tr><tr><td>Enseignante <\/td><td>Emmanuelle Bourret<\/td><\/tr><tr><td>Enseignante <\/td><td>Angelica Bedard<\/td><\/tr><tr><td>Enseignante <\/td><td>Sandra Maluorni<\/td><\/tr><tr><td>Enseignante &#8211; Art<\/td><td>Lucia D&#8217;Alete<\/td><\/tr><tr><td>Enseignant &#8211; \u00c9ducation physique<\/td><td>Lambert Poirier<\/td><\/tr><tr><td>Enseignante <\/td><td>Katherine Potter<\/td><\/tr><tr><td>Enseignante <\/td><td>Manon Rainville<\/td><\/tr><tr><td>Enseignante <\/td><td>Sophia Hobohm<\/td><\/tr><tr><td>Enseignant<\/td><td>Adam Daniel<\/td><\/tr><tr><td>Enseignant<\/td><td>Jean-Francois Gilbert<\/td><\/tr><tr><td>Enseignante <\/td><td>Carmelina DeLuca<\/td><\/tr><tr><td>Enseignante <\/td><td>M\u00e9lanie Taillon<\/td><\/tr><tr><td>Enseignante <\/td><td>Vicky Perreault<\/td><\/tr><tr><td>Enseignante <\/td><td>Rita Amanda Guerrera<\/td><\/tr><tr><td>Enseignante<\/td><td>Natalie-Marie Cecere<\/td><\/tr><tr><td>Enseignant<\/td><td>Jacob Stevens<\/td><\/tr><tr><td>Enseignant<\/td><td>Evens Lamarre<\/td><\/tr><tr><td>Enseignant<\/td><td>Thomas Morrone<\/td><\/tr><tr><td>Enseignante<\/td><td>Marilyne Cyr<\/td><\/tr><tr><td>Enseignante<\/td><td>Ilan Shecter<\/td><\/tr><tr><td>Concierge &#8211; Jour<\/td><td>Yannick Dion<\/td><\/tr><tr><td>Concierge &#8211; Soir<\/td><td>Gilles B\u00e9langer<\/td><\/tr><tr><td>Agent de d\u00e9veloppement communautaire<\/td><td>Ruby Emond<\/td><\/tr><tr><td>Biblioth\u00e9caire<\/td><td>Vera Iachetta<\/td><\/tr><tr><td>Technicien en laboratoire<\/td><td>Akash Prasad<\/td><\/tr><\/tbody><\/table><\/figure>\n","protected":false},"excerpt":{"rendered":"<p>Titre du poste Nom Directeur S\u00e9bastien Neveu Adjointe \/ Enseignant Dominique Charron Secr\u00e9taire d&#8217;\u00e9cole Colleen Copping Secr\u00e9taire Alice Gosselin Technicienne en organisation scolaire Melanie Scott Surveillante d&#8217;\u00e9l\u00e8ves Joan McLaren Conseiller d&#8217;orientation Jessica Serio Agente des services sociaux Valentina Solkin Conseill\u00e8re des \u00e9tudiants St\u00e9phane N\u00e9ron Technicienne en \u00e9ducation sp\u00e9cialis\u00e9e Jennifer Burgess Technicienne en \u00e9ducation sp\u00e9cialis\u00e9e Marie-Jos\u00e9e&hellip;<\/p>\n","protected":false},"author":1,"featured_media":0,"parent":0,"menu_order":0,"comment_status":"closed","ping_status":"closed","template":"","meta":{"_acf_changed":false,"_relevanssi_hide_post":"","_relevanssi_hide_content":"","_relevanssi_pin_for_all":"","_relevanssi_pin_keywords":"","_relevanssi_unpin_keywords":"","_relevanssi_related_keywords":"","_relevanssi_related_include_ids":"","_relevanssi_related_exclude_ids":"","_relevanssi_related_no_append":"","_relevanssi_related_not_related":"","_relevanssi_related_posts":"108,304,302,303,106,372","_relevanssi_noindex_reason":"","footnotes":""},"acf":[],"_links":{"self":[{"href":"https:\/\/jhs.swlauriersb.qc.ca\/fr\/wp-json\/wp\/v2\/pages\/677"}],"collection":[{"href":"https:\/\/jhs.swlauriersb.qc.ca\/fr\/wp-json\/wp\/v2\/pages"}],"about":[{"href":"https:\/\/jhs.swlauriersb.qc.ca\/fr\/wp-json\/wp\/v2\/types\/page"}],"author":[{"embeddable":true,"href":"https:\/\/jhs.swlauriersb.qc.ca\/fr\/wp-json\/wp\/v2\/users\/1"}],"replies":[{"embeddable":true,"href":"https:\/\/jhs.swlauriersb.qc.ca\/fr\/wp-json\/wp\/v2\/comments?post=677"}],"version-history":[{"count":8,"href":"https:\/\/jhs.swlauriersb.qc.ca\/fr\/wp-json\/wp\/v2\/pages\/677\/revisions"}],"predecessor-version":[{"id":1164,"href":"https:\/\/jhs.swlauriersb.qc.ca\/fr\/wp-json\/wp\/v2\/pages\/677\/revisions\/1164"}],"wp:attachment":[{"href":"https:\/\/jhs.swlauriersb.qc.ca\/fr\/wp-json\/wp\/v2\/media?parent=677"}],"curies":[{"name":"wp","href":"https:\/\/api.w.org\/{rel}","templated":true}]}}