{"id":666,"date":"2023-12-08T18:55:04","date_gmt":"2023-12-08T23:55:04","guid":{"rendered":"https:\/\/jhs.swlauriersb.qc.ca\/our-school-about-us\/"},"modified":"2025-07-08T14:32:05","modified_gmt":"2025-07-08T18:32:05","slug":"a-propos","status":"publish","type":"page","link":"https:\/\/jhs.swlauriersb.qc.ca\/fr\/a-propos\/","title":{"rendered":"\u00c0 propos"},"content":{"rendered":"\n<h2 class=\"wp-block-heading\"><strong>Profil de l&#8217;\u00e9cole<\/strong><\/h2>\n\n\n\n<p>L\u2019\u00e9cole secondaire Joliette High School est une \u00e9cole publique situ\u00e9e \u00e0 Joliette, au Qu\u00e9bec. Nous accueillons environ 290 \u00e9l\u00e8ves provenant de vingt-sept municipalit\u00e9s diff\u00e9rentes. Que ce soit dans des milieux ruraux ou de petites villes, nos \u00e9l\u00e8ves sont r\u00e9partis sur le vaste territoire de Lanaudi\u00e8re, avec une plus grande concentration venant de Rawdon, Lavaltrie et Joliette. Malgr\u00e9 les longues distances \u00e0 parcourir pour certains, ils choisissent de fr\u00e9quenter JHS afin de b\u00e9n\u00e9ficier d\u2019une \u00e9ducation en anglais et d\u2019un fort sentiment d\u2019appartenance \u00e0 une \u00e9cole \u00e0 dimension humaine.<\/p>\n\n\n\n<p>Entour\u00e9e majoritairement de francophones et sachant qu\u2019environ 65 % des \u00e9l\u00e8ves de JHS parlent principalement fran\u00e7ais \u00e0 la maison, Joliette High School repr\u00e9sente un v\u00e9ritable point d\u2019ancrage pour la communaut\u00e9 anglophone, int\u00e9grant \u00e0 la fois les cultures canadienne-fran\u00e7aise et canadienne-anglaise. D\u2019ailleurs, nous sommes fiers de souligner que plusieurs anciens \u00e9l\u00e8ves reviennent y travailler, renfor\u00e7ant ainsi le fort sentiment communautaire qui caract\u00e9rise notre \u00e9cole.<\/p>\n\n\n\n<p>Joliette High School offre le programme r\u00e9gulier du secondaire&nbsp;de la premi\u00e8re \u00e0 la cinqui\u00e8me secondaire, ainsi que le programme &#8221;Differentiated PAth&#8221; et le parcours de formation ax\u00e9 sur l\u2019emploi (Work-Oriented Training Path). Notre \u00e9cole fait partie de la Commission scolaire Sir Wilfrid Laurier, la commission scolaire anglophone qui dessert Laval, les Laurentides et Lanaudi\u00e8re.<\/p>\n","protected":false},"excerpt":{"rendered":"<p>Profil de l&#8217;\u00e9cole L\u2019\u00e9cole secondaire Joliette High School est une \u00e9cole publique situ\u00e9e \u00e0 Joliette, au Qu\u00e9bec. Nous accueillons environ 290 \u00e9l\u00e8ves provenant de vingt-sept municipalit\u00e9s diff\u00e9rentes. Que ce soit dans des milieux ruraux ou de petites villes, nos \u00e9l\u00e8ves sont r\u00e9partis sur le vaste territoire de Lanaudi\u00e8re, avec une plus grande concentration venant de&hellip;<\/p>\n","protected":false},"author":1,"featured_media":0,"parent":0,"menu_order":0,"comment_status":"closed","ping_status":"closed","template":"","meta":{"_acf_changed":false,"_relevanssi_hide_post":"","_relevanssi_hide_content":"","_relevanssi_pin_for_all":"","_relevanssi_pin_keywords":"","_relevanssi_unpin_keywords":"","_relevanssi_related_keywords":"","_relevanssi_related_include_ids":"","_relevanssi_related_exclude_ids":"","_relevanssi_related_no_append":"","_relevanssi_related_not_related":"","_relevanssi_related_posts":"1,304,302,445,108,303","_relevanssi_noindex_reason":"","footnotes":""},"acf":[],"_links":{"self":[{"href":"https:\/\/jhs.swlauriersb.qc.ca\/fr\/wp-json\/wp\/v2\/pages\/666"}],"collection":[{"href":"https:\/\/jhs.swlauriersb.qc.ca\/fr\/wp-json\/wp\/v2\/pages"}],"about":[{"href":"https:\/\/jhs.swlauriersb.qc.ca\/fr\/wp-json\/wp\/v2\/types\/page"}],"author":[{"embeddable":true,"href":"https:\/\/jhs.swlauriersb.qc.ca\/fr\/wp-json\/wp\/v2\/users\/1"}],"replies":[{"embeddable":true,"href":"https:\/\/jhs.swlauriersb.qc.ca\/fr\/wp-json\/wp\/v2\/comments?post=666"}],"version-history":[{"count":4,"href":"https:\/\/jhs.swlauriersb.qc.ca\/fr\/wp-json\/wp\/v2\/pages\/666\/revisions"}],"predecessor-version":[{"id":1027,"href":"https:\/\/jhs.swlauriersb.qc.ca\/fr\/wp-json\/wp\/v2\/pages\/666\/revisions\/1027"}],"wp:attachment":[{"href":"https:\/\/jhs.swlauriersb.qc.ca\/fr\/wp-json\/wp\/v2\/media?parent=666"}],"curies":[{"name":"wp","href":"https:\/\/api.w.org\/{rel}","templated":true}]}}