{"id":1211,"date":"2026-02-11T17:40:36","date_gmt":"2026-02-11T22:40:36","guid":{"rendered":"https:\/\/jhs.swlauriersb.qc.ca\/community-learning-centres-clc\/"},"modified":"2026-02-11T18:16:06","modified_gmt":"2026-02-11T23:16:06","slug":"community-learning-centres-clc","status":"publish","type":"page","link":"https:\/\/jhs.swlauriersb.qc.ca\/fr\/community-learning-centres-clc\/","title":{"rendered":"Centres Scolaires Communautaires (CSC)"},"content":{"rendered":"\n<h2 class=\"wp-block-heading\"><strong>Centre scolaire communautaire (CSC) r\u00e9gional de Lanaudi\u00e8re-Nord<\/strong><\/h2>\n\n\n\n<figure class=\"wp-block-image size-large is-resized is-style-square-corner\"><a href=\"https:\/\/clc.learnquebec.ca\/fr\/\" target=\"_blank\" rel=\"noopener\"><img decoding=\"async\" width=\"1024\" height=\"484\" src=\"https:\/\/jhs.swlauriersb.qc.ca\/wp-content\/uploads\/sites\/5\/2026\/02\/CLC-Logo-Text-Transparent-1024x484.png\" alt=\"\" class=\"wp-image-1217\" style=\"width:372px;height:auto\" title=\"\" srcset=\"https:\/\/jhs.swlauriersb.qc.ca\/wp-content\/uploads\/sites\/5\/2026\/02\/CLC-Logo-Text-Transparent-1024x484.png 1024w, https:\/\/jhs.swlauriersb.qc.ca\/wp-content\/uploads\/sites\/5\/2026\/02\/CLC-Logo-Text-Transparent-300x142.png 300w, https:\/\/jhs.swlauriersb.qc.ca\/wp-content\/uploads\/sites\/5\/2026\/02\/CLC-Logo-Text-Transparent-768x363.png 768w, https:\/\/jhs.swlauriersb.qc.ca\/wp-content\/uploads\/sites\/5\/2026\/02\/CLC-Logo-Text-Transparent.png 1490w\" sizes=\"(max-width: 1024px) 100vw, 1024px\" \/><\/a><\/figure>\n\n\n\n<h3 class=\"wp-block-heading is-style-subtitle\"><strong>Que sont les centres scolaires communautaires ?<\/strong><\/h3>\n\n\n\n<p>Le r\u00e9seau des \u00e9coles anglophones du Qu\u00e9bec a adopt\u00e9 la strat\u00e9gie des \u00e9coles communautaires en 2006, lorsque le minist\u00e8re de l&#8217;\u00c9ducation a instaur\u00e9 l&#8217;initiative des centres scolaires communautaires (CSC). Les \u00e9coles CSC sont des \u00e9coles communautaires mises en place pour soutenir la r\u00e9ussite des \u00e9l\u00e8ves et contribuer \u00e0 la vitalit\u00e9 de la communaut\u00e9 d&#8217;expression anglaise en milieu minoritaire du Qu\u00e9bec.<\/p>\n\n\n\n<p>Le CSC joue un r\u00f4le important dans la cr\u00e9ation d&#8217;une culture scolaire positive et inclusive, en favorisant la r\u00e9ussite des \u00e9l\u00e8ves et en renfor\u00e7ant les liens entre l&#8217;\u00e9cole et la communaut\u00e9 qu&#8217;elle dessert<\/p>\n\n\n\n<p>Gr\u00e2ce \u00e0 la collaboration avec le personnel scolaire et les organismes locaux et r\u00e9gionaux, le CSC veille \u00e0 ce que les activit\u00e9s et les services de l&#8217;\u00e9cole r\u00e9pondent aux besoins des \u00e9l\u00e8ves et de leurs familles. Il joue un r\u00f4le essentiel dans le fonctionnement quotidien et la r\u00e9ussite des \u00e9l\u00e8ves, tout en aidant \u00e0 d\u00e9finir la vision de l&#8217;\u00e9cole et son harmonisation avec les besoins de la communaut\u00e9.<\/p>\n\n\n\n<p>Le <strong>Centre scolaire communautaire r\u00e9gional de Lanaudi\u00e8re-Nord<\/strong> comprend les \u00e9tablissements suivants : <strong>l&#8217;\u00e9cole secondaire Joliette (Joliette High School), l&#8217;\u00e9cole primaire Rawdon, l&#8217;\u00e9cole primaire Joliette et l&#8217;\u00e9cole primaire Heritage.<\/strong><\/p>\n\n\n\n<p><strong>Le CSC organise et soutient, entre autres, les activit\u00e9s suivantes:<\/strong><\/p>\n\n\n\n<ul>\n<li><strong>Activit\u00e9s p\u00e9dagogiques et vid\u00e9oconf\u00e9rences<\/strong> en provenance du monde entier.<\/li>\n<\/ul>\n\n\n\n<ul>\n<li>Ateliers sur la sant\u00e9 mentale.<\/li>\n<\/ul>\n\n\n\n<ul>\n<li><strong>Sorties annuelles<\/strong> au Centre culturel Desjardins et au Mus\u00e9e d&#8217;art de Joliette.<\/li>\n<\/ul>\n\n\n\n<ul>\n<li><strong>Programme de transition vers le secondaire<\/strong> et activit\u00e9s de mentorat (pairs conseillers).<\/li>\n<\/ul>\n\n\n\n<ul>\n<li>Transition to High School Program and mentorship activities (Peer Advisors),<\/li>\n<\/ul>\n\n\n\n<ul>\n<li><strong>\u00c9co-club<\/strong> (\u00e9coles primaires Joliette et Rawdon) incluant le recyclage, le compostage, le jardinage et des efforts de conservation.<\/li>\n<\/ul>\n\n\n\n<ul>\n<li><strong>Communication<\/strong> via les plateformes de m\u00e9dias sociaux.<\/li>\n<\/ul>\n\n\n\n<ul>\n<li><strong>R\u00e9daction de demandes de subvention<\/strong> pour diverses initiatives \u00e9ducatives et besoins mat\u00e9riels.<\/li>\n<\/ul>\n\n\n\n<hr class=\"wp-block-separator has-alpha-channel-opacity\" \/>\n\n\n\n<div class=\"wp-block-columns is-layout-flex wp-container-core-columns-is-layout-3 wp-block-columns-is-layout-flex\">\n<div class=\"wp-block-column is-layout-flow wp-block-column-is-layout-flow\">\n<div class=\"wp-block-columns is-layout-flex wp-container-core-columns-is-layout-1 wp-block-columns-is-layout-flex\">\n<div class=\"wp-block-column is-layout-flow wp-block-column-is-layout-flow\">\n<h5 class=\"wp-block-heading has-text-align-center\">Joliette High School<\/h5>\n\n\n\n<figure class=\"wp-block-image size-full\"><img decoding=\"async\" width=\"600\" height=\"450\" src=\"https:\/\/jhs.swlauriersb.qc.ca\/wp-content\/uploads\/sites\/5\/2026\/01\/Joliette-High-School.jpg\" alt=\"\" class=\"wp-image-1173\" title=\"\" srcset=\"https:\/\/jhs.swlauriersb.qc.ca\/wp-content\/uploads\/sites\/5\/2026\/01\/Joliette-High-School.jpg 600w, https:\/\/jhs.swlauriersb.qc.ca\/wp-content\/uploads\/sites\/5\/2026\/01\/Joliette-High-School-300x225.jpg 300w\" sizes=\"(max-width: 600px) 100vw, 600px\" \/><\/figure>\n\n\n\n<figure class=\"wp-block-gallery has-nested-images columns-default is-cropped wp-block-gallery-1 is-layout-flex wp-block-gallery-is-layout-flex\">\n<figure class=\"wp-block-image size-large\"><img decoding=\"async\" width=\"519\" height=\"481\" src=\"https:\/\/jhs.swlauriersb.qc.ca\/wp-content\/uploads\/sites\/5\/2026\/01\/JHS_Logo_2024__1_-removebg-preview.png\" alt=\"\" class=\"wp-image-1195\" title=\"\" srcset=\"https:\/\/jhs.swlauriersb.qc.ca\/wp-content\/uploads\/sites\/5\/2026\/01\/JHS_Logo_2024__1_-removebg-preview.png 519w, https:\/\/jhs.swlauriersb.qc.ca\/wp-content\/uploads\/sites\/5\/2026\/01\/JHS_Logo_2024__1_-removebg-preview-300x278.png 300w\" sizes=\"(max-width: 519px) 100vw, 519px\" \/><\/figure>\n<\/figure>\n<\/div>\n\n\n\n<div class=\"wp-block-column is-layout-flow wp-block-column-is-layout-flow\">\n<h5 class=\"wp-block-heading has-text-align-center\">Joliette Elementary School<\/h5>\n\n\n\n<figure class=\"wp-block-image size-large\"><a href=\"https:\/\/jes.swlauriersb.qc.ca\/fr\/\"><img decoding=\"async\" width=\"600\" height=\"450\" src=\"https:\/\/jhs.swlauriersb.qc.ca\/wp-content\/uploads\/sites\/5\/2026\/01\/Joliette-Elementary.jpg\" alt=\"\" class=\"wp-image-1178\" title=\"\" srcset=\"https:\/\/jhs.swlauriersb.qc.ca\/wp-content\/uploads\/sites\/5\/2026\/01\/Joliette-Elementary.jpg 600w, https:\/\/jhs.swlauriersb.qc.ca\/wp-content\/uploads\/sites\/5\/2026\/01\/Joliette-Elementary-300x225.jpg 300w\" sizes=\"(max-width: 600px) 100vw, 600px\" \/><\/a><\/figure>\n\n\n\n<figure class=\"wp-block-gallery has-nested-images columns-default is-cropped wp-block-gallery-2 is-layout-flex wp-block-gallery-is-layout-flex\">\n<figure class=\"wp-block-image size-large\"><a href=\"https:\/\/jes.swlauriersb.qc.ca\/\"><img decoding=\"async\" width=\"150\" height=\"150\" src=\"https:\/\/jhs.swlauriersb.qc.ca\/wp-content\/uploads\/sites\/5\/2026\/01\/Joliette-Elementary-Logo-NEW-2025.png\" alt=\"\" class=\"wp-image-1177\" title=\"\"><\/a><\/figure>\n<\/figure>\n<\/div>\n<\/div>\n<\/div>\n\n\n\n<div class=\"wp-block-column is-layout-flow wp-block-column-is-layout-flow\">\n<div class=\"wp-block-columns is-layout-flex wp-container-core-columns-is-layout-2 wp-block-columns-is-layout-flex\">\n<div class=\"wp-block-column is-layout-flow wp-block-column-is-layout-flow\">\n<h5 class=\"wp-block-heading has-text-align-center\">Rawdon Elementary School <\/h5>\n\n\n\n<figure class=\"wp-block-gallery has-nested-images columns-default is-cropped wp-block-gallery-3 is-layout-flex wp-block-gallery-is-layout-flex\">\n<figure class=\"wp-block-image size-large\"><a href=\"https:\/\/rawdonelementary.ca\/fr\/about-francais\" target=\"_blank\" rel=\"noopener\"><img decoding=\"async\" width=\"640\" height=\"480\" src=\"https:\/\/jhs.swlauriersb.qc.ca\/wp-content\/uploads\/sites\/5\/2026\/01\/Rawdon-Elementary.jpg\" alt=\"\" class=\"wp-image-1181\" title=\"\" srcset=\"https:\/\/jhs.swlauriersb.qc.ca\/wp-content\/uploads\/sites\/5\/2026\/01\/Rawdon-Elementary.jpg 640w, https:\/\/jhs.swlauriersb.qc.ca\/wp-content\/uploads\/sites\/5\/2026\/01\/Rawdon-Elementary-300x225.jpg 300w\" sizes=\"(max-width: 640px) 100vw, 640px\" \/><\/a><\/figure>\n<\/figure>\n\n\n\n<figure class=\"wp-block-image size-large\"><a href=\"https:\/\/rawdonelementary.ca\/\" target=\"_blank\" rel=\"noopener\"><img decoding=\"async\" width=\"1024\" height=\"600\" src=\"https:\/\/jhs.swlauriersb.qc.ca\/wp-content\/uploads\/sites\/5\/2026\/01\/Rawdon-ElementaryNEW-2024-1024x600.png\" alt=\"\" class=\"wp-image-1183\" title=\"\" srcset=\"https:\/\/jhs.swlauriersb.qc.ca\/wp-content\/uploads\/sites\/5\/2026\/01\/Rawdon-ElementaryNEW-2024-1024x600.png 1024w, https:\/\/jhs.swlauriersb.qc.ca\/wp-content\/uploads\/sites\/5\/2026\/01\/Rawdon-ElementaryNEW-2024-300x176.png 300w, https:\/\/jhs.swlauriersb.qc.ca\/wp-content\/uploads\/sites\/5\/2026\/01\/Rawdon-ElementaryNEW-2024-768x450.png 768w, https:\/\/jhs.swlauriersb.qc.ca\/wp-content\/uploads\/sites\/5\/2026\/01\/Rawdon-ElementaryNEW-2024-1536x900.png 1536w, https:\/\/jhs.swlauriersb.qc.ca\/wp-content\/uploads\/sites\/5\/2026\/01\/Rawdon-ElementaryNEW-2024-2048x1200.png 2048w\" sizes=\"(max-width: 1024px) 100vw, 1024px\" \/><\/a><\/figure>\n<\/div>\n\n\n\n<div class=\"wp-block-column is-layout-flow wp-block-column-is-layout-flow\">\n<h5 class=\"wp-block-heading has-text-align-center\">Heritage Elementary School<\/h5>\n\n\n\n<figure class=\"wp-block-gallery has-nested-images columns-default is-cropped wp-block-gallery-4 is-layout-flex wp-block-gallery-is-layout-flex\">\n<figure class=\"wp-block-image size-large\"><a href=\"https:\/\/heritage.swlauriersb.qc.ca\/fr\/\"><img decoding=\"async\" width=\"600\" height=\"450\" src=\"https:\/\/jhs.swlauriersb.qc.ca\/wp-content\/uploads\/sites\/5\/2026\/01\/Heritage-Elementary.jpg\" alt=\"\" class=\"wp-image-1185\" title=\"\" srcset=\"https:\/\/jhs.swlauriersb.qc.ca\/wp-content\/uploads\/sites\/5\/2026\/01\/Heritage-Elementary.jpg 600w, https:\/\/jhs.swlauriersb.qc.ca\/wp-content\/uploads\/sites\/5\/2026\/01\/Heritage-Elementary-300x225.jpg 300w\" sizes=\"(max-width: 600px) 100vw, 600px\" \/><\/a><\/figure>\n<\/figure>\n\n\n\n<figure class=\"wp-block-gallery has-nested-images columns-default is-cropped wp-block-gallery-5 is-layout-flex wp-block-gallery-is-layout-flex\">\n<figure class=\"wp-block-image size-large\"><a href=\"https:\/\/heritage.swlauriersb.qc.ca\/\"><img decoding=\"async\" width=\"484\" height=\"515\" src=\"https:\/\/jhs.swlauriersb.qc.ca\/wp-content\/uploads\/sites\/5\/2026\/01\/Heritage.logo-removebg-preview.png\" alt=\"\" class=\"wp-image-1191\" title=\"\" srcset=\"https:\/\/jhs.swlauriersb.qc.ca\/wp-content\/uploads\/sites\/5\/2026\/01\/Heritage.logo-removebg-preview.png 484w, https:\/\/jhs.swlauriersb.qc.ca\/wp-content\/uploads\/sites\/5\/2026\/01\/Heritage.logo-removebg-preview-282x300.png 282w\" sizes=\"(max-width: 484px) 100vw, 484px\" \/><\/a><\/figure>\n<\/figure>\n<\/div>\n<\/div>\n<\/div>\n<\/div>\n\n\n\n<hr class=\"wp-block-separator has-alpha-channel-opacity\" \/>\n\n\n\n<div class=\"block-accordions-group theme-block theme-block--innerblock aligndefault\">\n    <span class=\"theme-block__label\">Accord\u00e9ons<\/span>\n  \n    \n<div class=\"block-accordion  theme-block theme-block--innerblock aligndefault\">\n    <span class=\"theme-block__label\">Accord\u00e9on<\/span>\n    <h3 class=\"block-accordion__title\">Partenariats et organismes communautaires<\/h3>\n    \n\n<p>CISSS de Lanaudi\u00e8re &#8211; Comit\u00e9 r\u00e9gional pour les programmes d\u2019acc\u00e8s \u00e0 des services de sant\u00e9 et des services sociaux en langue anglaise<\/p>\n\n\n\n<p> <a href=\"https:\/\/www.cisss-lanaudiere.gouv.qc.ca\/\" target=\"_blank\" rel=\"noopener\">CISSS de Lanaudi\u00e8re: CISSS de Lanaudi\u00e8re<\/a><\/p>\n\n\n\n<p>CREVALE &#8211; Comit\u00e9 r\u00e9gional pour la valorisation de l\u2019\u00e9ducation<\/p>\n\n\n\n<p> <a href=\"https:\/\/www.crevale.org\/\" target=\"_blank\" rel=\"noopener\">Comit\u00e9 r\u00e9gional pour la valorisation de l&#8217;\u00e9ducation &#8211; CREVALE &#8211; Lanaudi\u00e8re<\/a><\/p>\n\n\n\n<p>TPDSL &#8211; Table des partenaires du d\u00e9veloppement sociale de Lanaudi\u00e8re \u2013 Nourrir Lanaudi\u00e8re<\/p>\n\n\n\n<p><a href=\"https:\/\/dslanaudiere.org\/mobilisations\/nourrir-lanaudiere\/\" target=\"_blank\" rel=\"noopener\">Nourrir Lanaudi\u00e8re &#8211; D\u00e9veloppement social Lanaudi\u00e8re<\/a><\/p>\n\n\n\n<p>Collectif Lanaudi\u00e8re &#8211; Table Intersectorielle r\u00e9gionale des saines habitudes de vie<\/p>\n\n\n\n<p><a href=\"https:\/\/collectiflanaudiere.com\/\" target=\"_blank\" rel=\"noopener\">Accueil &#8211; Collectif Lanaudi\u00e8re<\/a><\/p>\n\n\n\n<p>CJE &#8211; Carrefour Jeunesse Emploi D&#8217;Autray-Joliette<\/p>\n\n\n\n<p><a href=\"https:\/\/www.carrefourjeunesseemploi.org\/\" target=\"_blank\" rel=\"noopener\">CJE de D\u2019Autray-Joliette | Bienvenue<\/a><\/p>\n\n\n\n<p>CJE &#8211; Carrefour Jeunesse Emploi Matawinie<\/p>\n\n\n\n<p><a href=\"https:\/\/cjematawinie.qc.ca\/\" target=\"_blank\" rel=\"noopener\">Accueil &#8211; CJE Matawinie<\/a><\/p>\n\n\n\n<p>Loisirs &amp; Sports Lanaudi\u00e8re<\/p>\n\n\n\n<p><a href=\"https:\/\/loisir-lanaudiere.qc.ca\/\" target=\"_blank\" rel=\"noopener\">D\u00e9veloppement du loisir, du sport et du plein air<\/a><\/p>\n\n\n\n<p>Le R\u00e9seau &#8211; Prevention des toxicomanies<\/p>\n\n\n\n<p><a href=\"https:\/\/lereseaudependances.com\/\" target=\"_blank\" rel=\"noopener\">Le R\u00e9seau &#8211; Pr\u00e9vention des d\u00e9pendances et r\u00e9insertion sociale<\/a><\/p>\n\n\n\n<p>Table R\u00e9alit\u00e9s Jeunesse MRC Joliette<\/p>\n\n\n\n<p><a href=\"https:\/\/www.saintthomas.qc.ca\/storage\/app\/media\/uploaded-files\/Communiqu%C3%A9%20de%20presse%20Table%20R%C3%A9alit%C3%A9%20jeunesse.pdf\" target=\"_blank\" rel=\"noopener\">Communiqu\u00e9 de presse Table R\u00e9alit\u00e9 jeunesse<\/a><\/p>\n\n\n\n<p>Table de concertation Ados-Jeunesse Matawinie Ouest (Bassin des Chutes)<\/p>\n\n\n\n<p>ECOL &#8211; English Community of Lanaudi\u00e8re<\/p>\n\n\n\n<p><a href=\"https:\/\/www.ecol-lanaudiere.org\/\" target=\"_blank\" rel=\"noopener\">Home | ECOL &#8211; Lanaudi\u00e8re<\/a><\/p>\n\n\n\n<p>Association pour les jeunes de la rue Joliette<\/p>\n\n\n\n<p><a href=\"https:\/\/otre.ca\/\" target=\"_blank\" rel=\"noopener\">L\u2019OTRE: Organisme de travail de rue tourn\u00e9 vers l\u2019autre (anciennement ajrj)<\/a><\/p>\n\n\n\n<p>La Maison des Jeunes du Grand Joliette<\/p>\n\n\n\n<p><a href=\"https:\/\/maisondesjeunesgrandjoliette.org\/\" target=\"_blank\" rel=\"noopener\">Maison des Jeunes du Grand Joliette &#8211; Accueil &#8211; Milieu de vie 12-17 ans<\/a><\/p>\n\n\n\n<p>La Maison des Jeunes de Rawdon<\/p>\n\n\n\n<p><a href=\"https:\/\/rmjq.org\/\" target=\"_blank\" rel=\"noopener\">RMJQ |&nbsp;Regroupement des maisons des jeunes du Qu\u00e9bec<\/a><\/p>\n\n\n\n<p>La Maison des Jeunes de Lavaltrie<\/p>\n\n\n\n<p><a href=\"https:\/\/www.mdjlavaltrie.com\/\" target=\"_blank\" rel=\"noopener\">MDJ Lavaltrie | Maison des jeunes | Lavaltrie, QC<\/a><\/p>\n\n\n\n<p>La Soupi\u00e8re-Joliette Lanaudiere<\/p>\n\n\n\n<p><a href=\"https:\/\/www.lasoupiere.org\/\" target=\"_blank\" rel=\"noopener\">La Soupi\u00e8re Joliette Lanaudi\u00e8re<\/a><\/p>\n\n\n\n<p>La Lueur du Phare<\/p>\n\n\n\n<p><a href=\"https:\/\/www.lueurduphare.org\/\" target=\"_blank\" rel=\"noopener\">Soutien aux proches &#8211; Sant\u00e9 Mentale | Lueur du phare | Lanaudi\u00e8re<\/a><\/p>\n\n\n\n<p>Mus\u00e9e d&#8217;art de Joliette<\/p>\n\n\n\n<p><a href=\"https:\/\/www.museejoliette.org\/\" target=\"_blank\" rel=\"noopener\">Mus\u00e9e d\u2019art de Joliette<\/a><\/p>\n\n\n\n<p>Centre Culturel Desjardins<\/p>\n\n\n\n<p><a href=\"https:\/\/www.spectaclesjoliette.com\/\" target=\"_blank\" rel=\"noopener\">Centre culturel Desjardins &#8211; Spectacles \u00e0 Joliette<\/a><\/p>\n\n\n\n<p>Association Foresti\u00e8re de Lanaudi\u00e8re<\/p>\n\n\n\n<p><a href=\"https:\/\/www.aflanaudiere.org\/fr\/\" target=\"_blank\" rel=\"noopener\">Accueil Association foresti\u00e8re de Lanaudi\u00e8re<\/a><\/p>\n\n\n\n<p>Culture a l\u2019\u00c9cole \/ Culture in Schools<\/p>\n\n\n\n<p><a href=\"https:\/\/www.quebec.ca\/education\/prescolaire-primaire-et-secondaire\/ressources-outils-reseau-scolaire\/culture-education\/culture-ecole\" target=\"_blank\" rel=\"noopener\">Programme La culture \u00e0 l&#8217;\u00e9cole | Gouvernement du Qu\u00e9bec<\/a><\/p>\n\n\n\n<p>English Language Arts Network (ELAN) \u2013 Artists Inspire projects<\/p>\n\n\n\n<p><a href=\"https:\/\/www.quebec-elan.org\/en\/\" target=\"_blank\" rel=\"noopener\">New Home &#8211; ELAN<\/a><\/p>\n\n\n\n<p>Secretariat for Relations with English Speaking Quebecers \u2013 I Belong!<\/p>\n\n\n\n<p><a href=\"https:\/\/www.quebec.ca\/en\/government\/departments-agencies\/secretariat-relations-quebecois-expression-anglaise\" target=\"_blank\" rel=\"noopener\">Secr\u00e9tariat aux relations avec les Qu\u00e9b\u00e9cois d\u2019expression anglaise | Gouvernement du Qu\u00e9bec<\/a><\/p>\n\n\n\n<p>Le Neo &#8211; Regional LGBTQ+ organization<\/p>\n\n\n\n<p><a href=\"https:\/\/le-neo.ca\/\" target=\"_blank\" rel=\"noopener\">Accueil &#8211; Le N\u00e9o<\/a><\/p>\n\n\n\n<p>Aire Ouverte Lanaudi\u00e8re &#8211; Regional health and social services<\/p>\n\n\n\n<p><a href=\"https:\/\/www.cisss-lanaudiere.gouv.qc.ca\/aire-ouverte\/\" target=\"_blank\" rel=\"noopener\">Aire ouverte: CISSS de Lanaudi\u00e8re<\/a><\/p>\n\n\n\n<p>CALACS &#8211; Coups de C\u0153ur<\/p>\n\n\n\n<p><a href=\"https:\/\/calacslueurdespoir.org\/\" target=\"_blank\" rel=\"noopener\">Soutien aux victimes d\u2019agressions sexuelles \u00e0 Joliette | Calacs Lueur d&#8217;espoir<\/a><\/p>\n\n\n\n<p>Enfance Libre Lanaudiere<\/p>\n\n\n\n<p><a href=\"https:\/\/enfancelibrelanaudiere.ca\/\" target=\"_blank\" rel=\"noopener\">Enfance Libre Lanaudi\u00e8re &#8211; Des racines et des ailes<\/a><\/p>\n\n\n\n<p>Ensemble<\/p>\n\n\n\n<p><a href=\"https:\/\/ensemble-rd.com\/nos-services\/#ateliers-et-formations\/\" target=\"_blank\" rel=\"noopener\">Nos services | Ensemble<\/a><\/p>\n\n\n\n<p>Le Ciel<\/p>\n\n\n\n<p><a href=\"https:\/\/leciel.ca\/programme-de-prevention\/\" target=\"_blank\" rel=\"noopener\">Programme de pr\u00e9vention | Le CIEL<\/a><\/p>\n\n\n\n<p>La S\u00fbret\u00e9 du Qu\u00e9bec<\/p>\n\n\n\n<p><a href=\"https:\/\/www.sq.gouv.qc.ca\/\" target=\"_blank\" rel=\"noopener\">Accueil &#8211; S\u00fbret\u00e9 du Qu\u00e9bec<\/a><\/p>\n\n\n\n<p>CNESST<\/p>\n\n\n\n<p><a href=\"https:\/\/www.cnesst.gouv.qc.ca\/en\" target=\"_blank\" rel=\"noopener\">Home | Commission des normes de l&#8217;\u00e9quit\u00e9 de la sant\u00e9 et de la s\u00e9curit\u00e9 du travail &#8211; CNESST<\/a><\/p>\n\n\n\n<p>Grand D\u00e9fi Pierre Lavoie<\/p>\n\n\n\n<p><a href=\"https:\/\/www.legdpl.com\/\" target=\"_blank\" rel=\"noopener\">Le Grand d\u00e9fi Pierre Lavoie<\/a><\/p>\n\n\n\n<p>Jardinons Coop\u00e9rative de Solidarit\u00e9<\/p>\n\n\n\n<p><a href=\"https:\/\/coopjardinons.com\/\" target=\"_blank\" rel=\"noopener\">Coop Jardinons &#8211; Accueil<\/a><\/p>\n\n\n\n<p>Association Foresti\u00e8re de Lanaudi\u00e8re<\/p>\n\n\n\n<p><a href=\"https:\/\/www.aflanaudiere.org\/fr\/\" target=\"_blank\" rel=\"noopener\">Accueil Association foresti\u00e8re de Lanaudi\u00e8re<\/a><\/p>\n\n\n\n<p>SWLSB Cultural Committee<\/p>\n\n\n\n<p>Breakfast Club of Canada<\/p>\n\n\n\n<p><a href=\"https:\/\/www.breakfastclubcanada.org\/\" target=\"_blank\" rel=\"noopener\">Breakfast Club of Canada &#8211; School Breakfast Programs &#8211; Children&#8217;s Charity<\/a><\/p>\n\n\n\n<p>CILC &#8211; Center for Interactive Learning<\/p>\n\n\n\n<p><a href=\"https:\/\/www.cilc.org\/\" target=\"_blank\" rel=\"noopener\">Center for Interactive Learning &#8211; Center for Interactive Learning and Collaboration<\/a><\/p>\n\n\n\n<p>Geordie Productions<\/p>\n\n\n\n<p><a href=\"https:\/\/geordie.ca\/\" target=\"_blank\" rel=\"noopener\">Home &#8211; Geordie Theatre<\/a><\/p>\n\n\n\n<p>Technoscience Region<\/p>\n\n\n\n<p><a href=\"https:\/\/technoscience.ca\/\" target=\"_blank\" rel=\"noopener\">R\u00e9seau Technoscience &#8211; Ensemble pour la rel\u00e8ve scientifique<\/a><\/p>\n\n\n\n<p>Hydro-Quebec<\/p>\n\n\n\n<p><a href=\"https:\/\/www.hydroquebec.com\/facility-tours\/special-activities.html\" target=\"_blank\" rel=\"noopener\">Free science activities | Hydro-Qu\u00e9bec<\/a><\/p>\n\n\n\n<p>Municipalit\u00e9 de Rawdon<\/p>\n\n\n\n<p><a href=\"https:\/\/rawdon.ca\/\" target=\"_blank\" rel=\"noopener\">Municipalit\u00e9 de Rawdon | Forte de sa diversit\u00e9<\/a><\/p>\n\n\n\n<p>Arbraska Rawdon<\/p>\n\n\n\n<p><a href=\"https:\/\/arbraska.com\/parcs\/rawdon\" target=\"_blank\" rel=\"noopener\">Activit\u00e9s en nature dans Lanaudi\u00e8re | Arbraska Rawdon<\/a><\/p>\n\n\n\n<p>Municipalit\u00e9 de Saint-Charles Borrom\u00e9e<\/p>\n\n\n\n<p><a href=\"https:\/\/www.vivrescb.com\/\" target=\"_blank\" rel=\"noopener\">Saint-Charles-Borrom\u00e9e<\/a><\/p>\n\n\n\n<p>Centre Communautaire Alain-Pag\u00e9<\/p>\n\n\n\n<p><a href=\"https:\/\/www.vivrescb.com\/decouvrir-scb\/batiments-municipaux\/rubriques\/centre-communautaire-alain-page\" target=\"_blank\" rel=\"noopener\">Centre communautaire Alain-Pag\u00e9 | D\u00e9couvrir SCB | Saint-Charles-Borrom\u00e9e<\/a><\/p>\n\n\n<\/div>\n\n                    \n\n\n<\/div>\n","protected":false},"excerpt":{"rendered":"<p>Centre scolaire communautaire (CSC) r\u00e9gional de Lanaudi\u00e8re-Nord Que sont les centres scolaires communautaires ? Le r\u00e9seau des \u00e9coles anglophones du Qu\u00e9bec a adopt\u00e9 la strat\u00e9gie des \u00e9coles communautaires en 2006, lorsque le minist\u00e8re de l&#8217;\u00c9ducation a instaur\u00e9 l&#8217;initiative des centres scolaires communautaires (CSC). Les \u00e9coles CSC sont des \u00e9coles communautaires mises en place pour soutenir&hellip;<\/p>\n","protected":false},"author":133,"featured_media":1217,"parent":0,"menu_order":0,"comment_status":"closed","ping_status":"closed","template":"","meta":{"_acf_changed":false,"_relevanssi_hide_post":"","_relevanssi_hide_content":"","_relevanssi_pin_for_all":"","_relevanssi_pin_keywords":"","_relevanssi_unpin_keywords":"","_relevanssi_related_keywords":"","_relevanssi_related_include_ids":"","_relevanssi_related_exclude_ids":"","_relevanssi_related_no_append":"","_relevanssi_related_not_related":"","_relevanssi_related_posts":"1098,1042","_relevanssi_noindex_reason":"","footnotes":""},"acf":[],"_links":{"self":[{"href":"https:\/\/jhs.swlauriersb.qc.ca\/fr\/wp-json\/wp\/v2\/pages\/1211"}],"collection":[{"href":"https:\/\/jhs.swlauriersb.qc.ca\/fr\/wp-json\/wp\/v2\/pages"}],"about":[{"href":"https:\/\/jhs.swlauriersb.qc.ca\/fr\/wp-json\/wp\/v2\/types\/page"}],"author":[{"embeddable":true,"href":"https:\/\/jhs.swlauriersb.qc.ca\/fr\/wp-json\/wp\/v2\/users\/133"}],"replies":[{"embeddable":true,"href":"https:\/\/jhs.swlauriersb.qc.ca\/fr\/wp-json\/wp\/v2\/comments?post=1211"}],"version-history":[{"count":5,"href":"https:\/\/jhs.swlauriersb.qc.ca\/fr\/wp-json\/wp\/v2\/pages\/1211\/revisions"}],"predecessor-version":[{"id":1224,"href":"https:\/\/jhs.swlauriersb.qc.ca\/fr\/wp-json\/wp\/v2\/pages\/1211\/revisions\/1224"}],"wp:featuredmedia":[{"embeddable":true,"href":"https:\/\/jhs.swlauriersb.qc.ca\/fr\/wp-json\/wp\/v2\/media\/1217"}],"wp:attachment":[{"href":"https:\/\/jhs.swlauriersb.qc.ca\/fr\/wp-json\/wp\/v2\/media?parent=1211"}],"curies":[{"name":"wp","href":"https:\/\/api.w.org\/{rel}","templated":true}]}}